{"id":14,"date":"2015-04-21T19:36:34","date_gmt":"2015-04-21T19:36:34","guid":{"rendered":"http:\/\/www.homeopathiejavelle.nl\/fr\/?page_id=14"},"modified":"2017-11-02T21:36:12","modified_gmt":"2017-11-02T20:36:12","slug":"pourquoi-utiliser-lhomeopathie","status":"publish","type":"page","link":"https:\/\/www.homeopathiejavelle.nl\/fr\/pourquoi-utiliser-lhomeopathie\/","title":{"rendered":"Pourquoi utiliser l&#8217;hom\u00e9opathie?"},"content":{"rendered":"<ul>\n<li>Parce que l&#8217;individu est un tout.<\/li>\n<li>Parce que l&#8217;hom\u00e9opathie stimule la capacit\u00e9 d&#8217;auto-gu\u00e9rison de l&#8217;organisme et renforce les r\u00e9actions de d\u00e9fense de l&#8217;organisme.<\/li>\n<li>Parce que l&#8217;hom\u00e9opathie s&#8217;int\u00e9resse \u00e0 la cause des sympt\u00f4mes et aux circonstances qui ont d\u00e9clench\u00e9 la maladie.<\/li>\n<li>Parce que l&#8217;hom\u00e9opathie offre une s\u00e9curit\u00e9 : les effets secondaires, s&#8217;ils se manifestent, sont limit\u00e9s et de courte dur\u00e9e.<\/li>\n<li>Parce que la majorit\u00e9 des rem\u00e8des hom\u00e9opathiques sont \u00e0 base de plantes ou de produits naturels (85 %).<\/li>\n<\/ul>\n<p>&nbsp;<\/p>\n","protected":false},"excerpt":{"rendered":"<p>Parce que l&#8217;individu est un tout. Parce que l&#8217;hom\u00e9opathie stimule la capacit\u00e9 d&#8217;auto-gu\u00e9rison de l&#8217;organisme et renforce les r\u00e9actions de d\u00e9fense de l&#8217;organisme. Parce que l&#8217;hom\u00e9opathie s&#8217;int\u00e9resse \u00e0 la cause des sympt\u00f4mes et aux circonstances qui ont d\u00e9clench\u00e9 la maladie. Parce que l&#8217;hom\u00e9opathie offre une s\u00e9curit\u00e9 : les effets secondaires, s&#8217;ils se manifestent, sont limit\u00e9s [&hellip;]<\/p>\n","protected":false},"author":1,"featured_media":0,"parent":0,"menu_order":0,"comment_status":"open","ping_status":"open","template":"","meta":{"footnotes":""},"class_list":["post-14","page","type-page","status-publish","hentry"],"_links":{"self":[{"href":"https:\/\/www.homeopathiejavelle.nl\/fr\/wp-json\/wp\/v2\/pages\/14","targetHints":{"allow":["GET"]}}],"collection":[{"href":"https:\/\/www.homeopathiejavelle.nl\/fr\/wp-json\/wp\/v2\/pages"}],"about":[{"href":"https:\/\/www.homeopathiejavelle.nl\/fr\/wp-json\/wp\/v2\/types\/page"}],"author":[{"embeddable":true,"href":"https:\/\/www.homeopathiejavelle.nl\/fr\/wp-json\/wp\/v2\/users\/1"}],"replies":[{"embeddable":true,"href":"https:\/\/www.homeopathiejavelle.nl\/fr\/wp-json\/wp\/v2\/comments?post=14"}],"version-history":[{"count":6,"href":"https:\/\/www.homeopathiejavelle.nl\/fr\/wp-json\/wp\/v2\/pages\/14\/revisions"}],"predecessor-version":[{"id":65,"href":"https:\/\/www.homeopathiejavelle.nl\/fr\/wp-json\/wp\/v2\/pages\/14\/revisions\/65"}],"wp:attachment":[{"href":"https:\/\/www.homeopathiejavelle.nl\/fr\/wp-json\/wp\/v2\/media?parent=14"}],"curies":[{"name":"wp","href":"https:\/\/api.w.org\/{rel}","templated":true}]}}