{"id":17,"date":"2015-04-21T19:45:29","date_gmt":"2015-04-21T19:45:29","guid":{"rendered":"http:\/\/www.homeopathiejavelle.nl\/fr\/?page_id=17"},"modified":"2017-11-05T21:33:26","modified_gmt":"2017-11-05T20:33:26","slug":"docteur-catherine-javelle-medecin-homeopathe","status":"publish","type":"page","link":"https:\/\/www.homeopathiejavelle.nl\/fr\/docteur-catherine-javelle-medecin-homeopathe\/","title":{"rendered":"Docteur Catherine Javelle &#8211; M\u00e9decin Hom\u00e9opathe"},"content":{"rendered":"<p><strong>Dipl\u00f4me d&#8217;\u00e9tat de Docteur en m\u00e9decine<\/strong>,\u00a0Universit\u00e9 de Bordeaux II<br \/>\n<strong>Etudes de P\u00e9diatrie Pr\u00e9ventive<\/strong>, Universit\u00e9 de Paris V<br \/>\n<strong>Dipl\u00f4me de Nutrition<\/strong>, Universit\u00e9 de Paris VI<br \/>\n<strong>Etudes de P\u00e9diatrie Pr\u00e9ventive<\/strong>, Leiden NL<br \/>\n<strong>Dipl\u00f4me de M\u00e9decin hom\u00e9opathe<\/strong>, Wageningen NL<\/p>\n<p><strong>Exp\u00e9rience professionelle<\/strong>:<br \/>\nM\u00e9decine g\u00e9n\u00e9rale, M\u00e9decine scolaire, P\u00e9diatrie pr\u00e9ventive (nourissons et jeunes enfants),<br \/>\nM\u00e9decine Hom\u00e9opathique<\/p>\n<p>Inscrite au Conseil de l&#8217;Ordre des M\u00e9decins,<br \/>\nA son \u00e9quivalent N\u00e9erlandais (BIG register),<\/p>\n<p>Membre du VHAN\/AVIG, Association des M\u00e9decins Hom\u00e9opathes N\u00e9erlandais aux Pays-Bas.<\/p>\n","protected":false},"excerpt":{"rendered":"<p>Dipl\u00f4me d&#8217;\u00e9tat de Docteur en m\u00e9decine,\u00a0Universit\u00e9 de Bordeaux II Etudes de P\u00e9diatrie Pr\u00e9ventive, Universit\u00e9 de Paris V Dipl\u00f4me de Nutrition, Universit\u00e9 de Paris VI Etudes de P\u00e9diatrie Pr\u00e9ventive, Leiden NL Dipl\u00f4me de M\u00e9decin hom\u00e9opathe, Wageningen NL Exp\u00e9rience professionelle: M\u00e9decine g\u00e9n\u00e9rale, M\u00e9decine scolaire, P\u00e9diatrie pr\u00e9ventive (nourissons et jeunes enfants), M\u00e9decine Hom\u00e9opathique Inscrite au Conseil de l&#8217;Ordre [&hellip;]<\/p>\n","protected":false},"author":1,"featured_media":0,"parent":0,"menu_order":0,"comment_status":"open","ping_status":"open","template":"","meta":{"footnotes":""},"class_list":["post-17","page","type-page","status-publish","hentry"],"_links":{"self":[{"href":"https:\/\/www.homeopathiejavelle.nl\/fr\/wp-json\/wp\/v2\/pages\/17","targetHints":{"allow":["GET"]}}],"collection":[{"href":"https:\/\/www.homeopathiejavelle.nl\/fr\/wp-json\/wp\/v2\/pages"}],"about":[{"href":"https:\/\/www.homeopathiejavelle.nl\/fr\/wp-json\/wp\/v2\/types\/page"}],"author":[{"embeddable":true,"href":"https:\/\/www.homeopathiejavelle.nl\/fr\/wp-json\/wp\/v2\/users\/1"}],"replies":[{"embeddable":true,"href":"https:\/\/www.homeopathiejavelle.nl\/fr\/wp-json\/wp\/v2\/comments?post=17"}],"version-history":[{"count":10,"href":"https:\/\/www.homeopathiejavelle.nl\/fr\/wp-json\/wp\/v2\/pages\/17\/revisions"}],"predecessor-version":[{"id":75,"href":"https:\/\/www.homeopathiejavelle.nl\/fr\/wp-json\/wp\/v2\/pages\/17\/revisions\/75"}],"wp:attachment":[{"href":"https:\/\/www.homeopathiejavelle.nl\/fr\/wp-json\/wp\/v2\/media?parent=17"}],"curies":[{"name":"wp","href":"https:\/\/api.w.org\/{rel}","templated":true}]}}