{"id":8,"date":"2015-04-21T19:33:20","date_gmt":"2015-04-21T19:33:20","guid":{"rendered":"http:\/\/www.homeopathiejavelle.nl\/fr\/?page_id=8"},"modified":"2017-11-03T22:15:40","modified_gmt":"2017-11-03T21:15:40","slug":"quand-utiliser-homeopathie","status":"publish","type":"page","link":"https:\/\/www.homeopathiejavelle.nl\/fr\/quand-utiliser-homeopathie\/","title":{"rendered":"Quand utiliser l&#8217;hom\u00e9opathie?"},"content":{"rendered":"<p>L&#8217;hom\u00e9opathie peut \u00eatre utilis\u00e9e \u00e0 tout \u00e2ge, et pour un tr\u00e8s grand nombre de maladies.<\/p>\n<p>Quelques indications:<\/p>\n<p>Les affections chroniques ou r\u00e9cidivantes ou, en premi\u00e8re intention,<br \/>\nafin de r\u00e9\u00e9quilibrer l&#8217;\u00e9nergie vitale:<\/p>\n<ul>\n<li>Fatigue, maux de t\u00eate ou troubles de sommeil,<\/li>\n<li>Stress, &#8216;burn-out&#8217;,<\/li>\n<li>Troubles hormonaux de la pubert\u00e9 et de la m\u00e9nopause,<\/li>\n<li>Affections ORL r\u00e9dicivantes, affections cutan\u00e9es,<\/li>\n<li>Troubles du comportement chez l&#8217;enfant,<\/li>\n<li>Enfants timides ou hyperactifs,<\/li>\n<li>Difficult\u00e9s d&#8217;int\u00e9gration dans le milieu scolaire entre autres<\/li>\n<\/ul>\n<p>Lorsque le traitement allopathique s&#8217;av\u00e8re insuffisant ou est,<br \/>\npour certaines pathologies, encore inexistant.<br \/>\nEn compl\u00e9ment d&#8217;un traitement allopathique ou pour renforcer<br \/>\nl&#8217;\u00e9nergie vitale au cours d&#8217;une convalescence.<\/p>\n","protected":false},"excerpt":{"rendered":"<p>L&#8217;hom\u00e9opathie peut \u00eatre utilis\u00e9e \u00e0 tout \u00e2ge, et pour un tr\u00e8s grand nombre de maladies. Quelques indications: Les affections chroniques ou r\u00e9cidivantes ou, en premi\u00e8re intention, afin de r\u00e9\u00e9quilibrer l&#8217;\u00e9nergie vitale: Fatigue, maux de t\u00eate ou troubles de sommeil, Stress, &#8216;burn-out&#8217;, Troubles hormonaux de la pubert\u00e9 et de la m\u00e9nopause, Affections ORL r\u00e9dicivantes, affections cutan\u00e9es, [&hellip;]<\/p>\n","protected":false},"author":1,"featured_media":0,"parent":0,"menu_order":0,"comment_status":"open","ping_status":"open","template":"","meta":{"footnotes":""},"class_list":["post-8","page","type-page","status-publish","hentry"],"_links":{"self":[{"href":"https:\/\/www.homeopathiejavelle.nl\/fr\/wp-json\/wp\/v2\/pages\/8","targetHints":{"allow":["GET"]}}],"collection":[{"href":"https:\/\/www.homeopathiejavelle.nl\/fr\/wp-json\/wp\/v2\/pages"}],"about":[{"href":"https:\/\/www.homeopathiejavelle.nl\/fr\/wp-json\/wp\/v2\/types\/page"}],"author":[{"embeddable":true,"href":"https:\/\/www.homeopathiejavelle.nl\/fr\/wp-json\/wp\/v2\/users\/1"}],"replies":[{"embeddable":true,"href":"https:\/\/www.homeopathiejavelle.nl\/fr\/wp-json\/wp\/v2\/comments?post=8"}],"version-history":[{"count":11,"href":"https:\/\/www.homeopathiejavelle.nl\/fr\/wp-json\/wp\/v2\/pages\/8\/revisions"}],"predecessor-version":[{"id":73,"href":"https:\/\/www.homeopathiejavelle.nl\/fr\/wp-json\/wp\/v2\/pages\/8\/revisions\/73"}],"wp:attachment":[{"href":"https:\/\/www.homeopathiejavelle.nl\/fr\/wp-json\/wp\/v2\/media?parent=8"}],"curies":[{"name":"wp","href":"https:\/\/api.w.org\/{rel}","templated":true}]}}